{"id":33,"date":"2020-04-26T11:13:21","date_gmt":"2020-04-26T11:13:21","guid":{"rendered":"https:\/\/avura.org\/?page_id=33"},"modified":"2020-07-08T18:58:01","modified_gmt":"2020-07-08T18:58:01","slug":"angebot-ressourcen","status":"publish","type":"page","link":"https:\/\/avura.org\/?page_id=33","title":{"rendered":"Angebot &#038; Ressourcen"},"content":{"rendered":"\n<p>Wir stellen <strong>pers\u00f6nliche Begleitung<\/strong> und <strong>individuell Beratung<\/strong> sowie <strong>Ressourcen<\/strong> flexibel und bedarfsgerecht f\u00fcr Menschen bereit, deren Zugang zu gesellschaftlicher und wirtschaftlicher Teilhabe aus Gr\u00fcnden, die Sie nicht zu vertreten haben, erschwert ist. Dabei kann es z.B. um Themen wie Arbeit oder Existenzgr\u00fcndung, Bildung, Weiterbildung, Qualifikation und Anerkennung von Abschl\u00fcssen oder auch Kommunikation mit Beh\u00f6rden gehen.<\/p>\n\n\n\n<p>Wir <strong>vernetzen Akteure<\/strong>, die in diesen Bereichen mit Ihrer Expertise unterst\u00fctzen k\u00f6nnen und wollen.<\/p>\n\n\n\n<p>Dazu bieten wir <strong>R\u00e4umlichkeiten<\/strong> mit W-Lan, Telefonkonferenz- und Pr\u00e4sentationsm\u00f6glichkeiten zum <strong>vernetzen, austauschen, schulen und individuellen Arbeiten<\/strong> und bieten Coachings und Begleitung bei Themen wie Gr\u00fcndung, Projekt- und Organisationsentwicklung und \u2013 management, Finanzierung und Buchhaltung, F\u00f6rdermittelsuche und -beantragung, EDV-Anwendungen, Rechtsberatung und \u00d6ffentlichkeitsarbeit.<\/p>\n\n\n\n<p><\/p>\n\n\n\n<figure class=\"wp-block-image size-large\"><img loading=\"lazy\" width=\"1024\" height=\"576\" src=\"https:\/\/avura.org\/wp-content\/uploads\/2020\/04\/20200327_143836_resized-1024x576.jpg\" alt=\"\" class=\"wp-image-34\" srcset=\"https:\/\/avura.org\/wp-content\/uploads\/2020\/04\/20200327_143836_resized-1024x576.jpg 1024w, https:\/\/avura.org\/wp-content\/uploads\/2020\/04\/20200327_143836_resized-300x169.jpg 300w, https:\/\/avura.org\/wp-content\/uploads\/2020\/04\/20200327_143836_resized-768x432.jpg 768w, https:\/\/avura.org\/wp-content\/uploads\/2020\/04\/20200327_143836_resized-1536x864.jpg 1536w, https:\/\/avura.org\/wp-content\/uploads\/2020\/04\/20200327_143836_resized-800x450.jpg 800w, https:\/\/avura.org\/wp-content\/uploads\/2020\/04\/20200327_143836_resized.jpg 1632w\" sizes=\"(max-width: 1024px) 100vw, 1024px\" \/><figcaption>Coworking Space<\/figcaption><\/figure>\n\n\n\n<figure class=\"wp-block-image size-large\"><img loading=\"lazy\" width=\"1024\" height=\"576\" src=\"https:\/\/avura.org\/wp-content\/uploads\/2020\/04\/20200327_144116_resized-1-1024x576.jpg\" alt=\"\" class=\"wp-image-36\" srcset=\"https:\/\/avura.org\/wp-content\/uploads\/2020\/04\/20200327_144116_resized-1-1024x576.jpg 1024w, https:\/\/avura.org\/wp-content\/uploads\/2020\/04\/20200327_144116_resized-1-300x169.jpg 300w, https:\/\/avura.org\/wp-content\/uploads\/2020\/04\/20200327_144116_resized-1-768x432.jpg 768w, https:\/\/avura.org\/wp-content\/uploads\/2020\/04\/20200327_144116_resized-1-1536x864.jpg 1536w, https:\/\/avura.org\/wp-content\/uploads\/2020\/04\/20200327_144116_resized-1-800x450.jpg 800w, https:\/\/avura.org\/wp-content\/uploads\/2020\/04\/20200327_144116_resized-1.jpg 1632w\" sizes=\"(max-width: 1024px) 100vw, 1024px\" \/><figcaption>Konferenzraum<\/figcaption><\/figure>\n\n\n\n<figure class=\"wp-block-image size-large\"><img loading=\"lazy\" width=\"1024\" height=\"576\" src=\"https:\/\/avura.org\/wp-content\/uploads\/2020\/04\/20200327_143924_resized-1024x576.jpg\" alt=\"\" class=\"wp-image-37\" srcset=\"https:\/\/avura.org\/wp-content\/uploads\/2020\/04\/20200327_143924_resized-1024x576.jpg 1024w, https:\/\/avura.org\/wp-content\/uploads\/2020\/04\/20200327_143924_resized-300x169.jpg 300w, https:\/\/avura.org\/wp-content\/uploads\/2020\/04\/20200327_143924_resized-768x432.jpg 768w, https:\/\/avura.org\/wp-content\/uploads\/2020\/04\/20200327_143924_resized-1536x864.jpg 1536w, https:\/\/avura.org\/wp-content\/uploads\/2020\/04\/20200327_143924_resized-800x450.jpg 800w, https:\/\/avura.org\/wp-content\/uploads\/2020\/04\/20200327_143924_resized.jpg 1632w\" sizes=\"(max-width: 1024px) 100vw, 1024px\" \/><figcaption>Seminarraum<\/figcaption><\/figure>\n\n\n\n<figure class=\"wp-block-gallery columns-3 is-cropped\"><ul class=\"blocks-gallery-grid\"><li class=\"blocks-gallery-item\"><figure><img loading=\"lazy\" width=\"1024\" height=\"576\" src=\"https:\/\/avura.org\/wp-content\/uploads\/2020\/04\/20200327_144017_resized-1024x576.jpg\" alt=\"\" data-id=\"38\" data-link=\"https:\/\/avura.org\/?attachment_id=38\" class=\"wp-image-38\" srcset=\"https:\/\/avura.org\/wp-content\/uploads\/2020\/04\/20200327_144017_resized-1024x576.jpg 1024w, https:\/\/avura.org\/wp-content\/uploads\/2020\/04\/20200327_144017_resized-300x169.jpg 300w, https:\/\/avura.org\/wp-content\/uploads\/2020\/04\/20200327_144017_resized-768x432.jpg 768w, https:\/\/avura.org\/wp-content\/uploads\/2020\/04\/20200327_144017_resized-1536x864.jpg 1536w, https:\/\/avura.org\/wp-content\/uploads\/2020\/04\/20200327_144017_resized-800x450.jpg 800w, https:\/\/avura.org\/wp-content\/uploads\/2020\/04\/20200327_144017_resized.jpg 1632w\" sizes=\"(max-width: 1024px) 100vw, 1024px\" \/><\/figure><\/li><li class=\"blocks-gallery-item\"><figure><img loading=\"lazy\" width=\"1024\" height=\"576\" src=\"https:\/\/avura.org\/wp-content\/uploads\/2020\/04\/20200327_144259_resized-1024x576.jpg\" alt=\"\" data-id=\"39\" data-link=\"https:\/\/avura.org\/?attachment_id=39\" class=\"wp-image-39\" srcset=\"https:\/\/avura.org\/wp-content\/uploads\/2020\/04\/20200327_144259_resized-1024x576.jpg 1024w, https:\/\/avura.org\/wp-content\/uploads\/2020\/04\/20200327_144259_resized-300x169.jpg 300w, https:\/\/avura.org\/wp-content\/uploads\/2020\/04\/20200327_144259_resized-768x432.jpg 768w, https:\/\/avura.org\/wp-content\/uploads\/2020\/04\/20200327_144259_resized-1536x864.jpg 1536w, https:\/\/avura.org\/wp-content\/uploads\/2020\/04\/20200327_144259_resized-800x450.jpg 800w, https:\/\/avura.org\/wp-content\/uploads\/2020\/04\/20200327_144259_resized.jpg 1632w\" sizes=\"(max-width: 1024px) 100vw, 1024px\" \/><\/figure><\/li><li class=\"blocks-gallery-item\"><figure><img loading=\"lazy\" width=\"1024\" height=\"576\" src=\"https:\/\/avura.org\/wp-content\/uploads\/2020\/04\/20200327_144219_resized-1024x576.jpg\" alt=\"\" data-id=\"40\" data-full-url=\"https:\/\/avura.org\/wp-content\/uploads\/2020\/04\/20200327_144219_resized.jpg\" data-link=\"https:\/\/avura.org\/?attachment_id=40\" class=\"wp-image-40\" srcset=\"https:\/\/avura.org\/wp-content\/uploads\/2020\/04\/20200327_144219_resized-1024x576.jpg 1024w, https:\/\/avura.org\/wp-content\/uploads\/2020\/04\/20200327_144219_resized-300x169.jpg 300w, https:\/\/avura.org\/wp-content\/uploads\/2020\/04\/20200327_144219_resized-768x432.jpg 768w, https:\/\/avura.org\/wp-content\/uploads\/2020\/04\/20200327_144219_resized-1536x864.jpg 1536w, https:\/\/avura.org\/wp-content\/uploads\/2020\/04\/20200327_144219_resized-800x450.jpg 800w, https:\/\/avura.org\/wp-content\/uploads\/2020\/04\/20200327_144219_resized.jpg 1632w\" sizes=\"(max-width: 1024px) 100vw, 1024px\" \/><\/figure><\/li><\/ul><figcaption class=\"blocks-gallery-caption\">Netzwerken und Austauschen<\/figcaption><\/figure>\n\n\n\n<p><\/p>\n","protected":false},"excerpt":{"rendered":"<p>Wir stellen pers\u00f6nliche Begleitung und individuell Beratung sowie Ressourcen flexibel und bedarfsgerecht f\u00fcr Menschen bereit, deren Zugang zu gesellschaftlicher und wirtschaftlicher Teilhabe aus Gr\u00fcnden, die Sie nicht zu vertreten haben, erschwert ist. Dabei kann es z.B. um Themen wie Arbeit oder Existenzgr\u00fcndung, Bildung, Weiterbildung, Qualifikation und Anerkennung von Abschl\u00fcssen oder auch Kommunikation mit Beh\u00f6rden gehen. Wir vernetzen Akteure, die in&hellip;<\/p>\n","protected":false},"author":1,"featured_media":0,"parent":0,"menu_order":0,"comment_status":"closed","ping_status":"closed","template":"","meta":[],"_links":{"self":[{"href":"https:\/\/avura.org\/index.php?rest_route=\/wp\/v2\/pages\/33"}],"collection":[{"href":"https:\/\/avura.org\/index.php?rest_route=\/wp\/v2\/pages"}],"about":[{"href":"https:\/\/avura.org\/index.php?rest_route=\/wp\/v2\/types\/page"}],"author":[{"embeddable":true,"href":"https:\/\/avura.org\/index.php?rest_route=\/wp\/v2\/users\/1"}],"replies":[{"embeddable":true,"href":"https:\/\/avura.org\/index.php?rest_route=%2Fwp%2Fv2%2Fcomments&post=33"}],"version-history":[{"count":9,"href":"https:\/\/avura.org\/index.php?rest_route=\/wp\/v2\/pages\/33\/revisions"}],"predecessor-version":[{"id":74,"href":"https:\/\/avura.org\/index.php?rest_route=\/wp\/v2\/pages\/33\/revisions\/74"}],"wp:attachment":[{"href":"https:\/\/avura.org\/index.php?rest_route=%2Fwp%2Fv2%2Fmedia&parent=33"}],"curies":[{"name":"wp","href":"https:\/\/api.w.org\/{rel}","templated":true}]}}